{"id":570,"date":"2020-09-26T13:46:17","date_gmt":"2020-09-26T13:46:17","guid":{"rendered":"https:\/\/catsguitarmasterbuilders.com\/?page_id=570"},"modified":"2020-10-19T20:03:55","modified_gmt":"2020-10-19T20:03:55","slug":"homepage","status":"publish","type":"page","link":"https:\/\/catsguitarmasterbuilders.com\/en\/","title":{"rendered":"Homepage"},"content":{"rendered":"<div data-elementor-type=\"wp-page\" data-elementor-id=\"570\" class=\"elementor elementor-570\">\n\t\t\t\t\t\t<section class=\"elementor-section elementor-top-section elementor-element elementor-element-eddc908 elementor-section-height-min-height elementor-section-boxed elementor-section-height-default elementor-section-items-middle\" data-id=\"eddc908\" data-element_type=\"section\" data-e-type=\"section\" data-settings=\"{&quot;background_background&quot;:&quot;classic&quot;}\">\n\t\t\t\t\t\t\t<div class=\"elementor-background-overlay\"><\/div>\n\t\t\t\t\t\t\t<div class=\"elementor-container elementor-column-gap-default\">\n\t\t\t\t\t<div class=\"elementor-column elementor-col-33 elementor-top-column elementor-element elementor-element-f9778dc\" data-id=\"f9778dc\" data-element_type=\"column\" data-e-type=\"column\">\n\t\t\t<div class=\"elementor-widget-wrap elementor-element-populated\">\n\t\t\t\t\t\t<div class=\"elementor-element elementor-element-3f29f80 elementor-widget elementor-widget-heading\" data-id=\"3f29f80\" data-element_type=\"widget\" data-e-type=\"widget\" data-widget_type=\"heading.default\">\n\t\t\t\t<div class=\"elementor-widget-container\">\n\t\t\t\t\t<h2 class=\"elementor-heading-title elementor-size-default\">WELCOME TO DR. CATS GUITAR CLINIC AND CUSTOM SHOP!<\/h2>\t\t\t\t<\/div>\n\t\t\t\t<\/div>\n\t\t\t\t\t<\/div>\n\t\t<\/div>\n\t\t\t\t<div class=\"elementor-column elementor-col-66 elementor-top-column elementor-element elementor-element-c3e20fa\" data-id=\"c3e20fa\" data-element_type=\"column\" data-e-type=\"column\">\n\t\t\t<div class=\"elementor-widget-wrap\">\n\t\t\t\t\t\t\t<\/div>\n\t\t<\/div>\n\t\t\t\t\t<\/div>\n\t\t<\/section>\n\t\t\t\t<section class=\"elementor-section elementor-top-section elementor-element elementor-element-ad307aa elementor-section-height-min-height elementor-section-boxed elementor-section-height-default elementor-section-items-middle\" data-id=\"ad307aa\" data-element_type=\"section\" data-e-type=\"section\">\n\t\t\t\t\t\t<div class=\"elementor-container elementor-column-gap-default\">\n\t\t\t\t\t<div class=\"elementor-column elementor-col-66 elementor-top-column elementor-element elementor-element-2326736\" data-id=\"2326736\" data-element_type=\"column\" data-e-type=\"column\">\n\t\t\t<div class=\"elementor-widget-wrap elementor-element-populated\">\n\t\t\t\t\t\t<div class=\"elementor-element elementor-element-02a818e elementor-widget elementor-widget-text-editor\" data-id=\"02a818e\" data-element_type=\"widget\" data-e-type=\"widget\" data-widget_type=\"text-editor.default\">\n\t\t\t\t<div class=\"elementor-widget-container\">\n\t\t\t\t\t\t\t\t\t<div>\u00a0<\/div><div>\u2026a lot of guitarists and bassists have all kinds of problems with their instruments and they\u2019re in need of help or seek advice\u2026<\/div><div>\u00a0<\/div><div>\u2026quite often some malfunctions seem impossible to solve or fix\u2026<\/div><div>\u00a0<\/div><div>\u2026some people have a specific vision of how their instrument should look or sound like, but they don\u2019t know how to make that possible\u2026<\/div><div>\u00a0<\/div><div>If you have any problems with your musical instruments contact us...<\/div><div>\u00a0<\/div><div class=\"translation-block\">We will be happy to help!!<\/div>\t\t\t\t\t\t\t\t<\/div>\n\t\t\t\t<\/div>\n\t\t\t\t\t<\/div>\n\t\t<\/div>\n\t\t\t\t<div class=\"elementor-column elementor-col-33 elementor-top-column elementor-element elementor-element-556afbb\" data-id=\"556afbb\" data-element_type=\"column\" data-e-type=\"column\">\n\t\t\t<div class=\"elementor-widget-wrap\">\n\t\t\t\t\t\t\t<\/div>\n\t\t<\/div>\n\t\t\t\t\t<\/div>\n\t\t<\/section>\n\t\t\t\t<\/div>","protected":false},"excerpt":{"rendered":"<p>DOBRO DO\u0160LI U GITARSKU KLINIKU I CUSTOM SHOP DR. CATSA! &nbsp;&#8230;mnogi gitaristi i bassisti imaju razne probleme sa svojim instrumentima i trebaju pomo\u0107 ili savjet&#8230;&nbsp;&#8230;vrlo \u010desto neki kvarovi djeluju kao da ih je nemogu\u0107e rije\u0161iti ili popraviti&#8230;&nbsp;&#8230;netko ima viziju kako bi trebao izgledati ili zvu\u010dati njegov instrument, ali ne zna da li se to mo\u017ee [&hellip;]<\/p>\n","protected":false},"author":1,"featured_media":0,"parent":0,"menu_order":0,"comment_status":"closed","ping_status":"closed","template":"elementor_header_footer","meta":{"footnotes":""},"class_list":["post-570","page","type-page","status-publish","hentry","entry"],"yoast_head":"<!-- This site is optimized with the Yoast SEO plugin v27.4 - https:\/\/yoast.com\/product\/yoast-seo-wordpress\/ -->\n<title>Cats - Guitar Custom &amp; Repair Shop<\/title>\n<meta name=\"description\" content=\"Cats gitare. Servis elektri\u010dnih gitara, izrada elektri\u010dnih, akusti\u010dnih i bass gitara. Cats - S&#039;tac custom pickupi. Ako Vas zanimaju na\u0161e usluge i proizvodi posjetite ovu stranicu.\" \/>\n<meta name=\"robots\" content=\"index, follow, max-snippet:-1, max-image-preview:large, max-video-preview:-1\" \/>\n<link rel=\"canonical\" href=\"https:\/\/catsguitarmasterbuilders.com\/en\/\" \/>\n<meta property=\"og:locale\" content=\"en_GB\" \/>\n<meta property=\"og:type\" content=\"article\" \/>\n<meta property=\"og:title\" content=\"Cats - Guitar Custom &amp; Repair Shop\" \/>\n<meta property=\"og:description\" content=\"Cats gitare. Servis elektri\u010dnih gitara, izrada elektri\u010dnih, akusti\u010dnih i bass gitara. Cats - S&#039;tac custom pickupi. Ako Vas zanimaju na\u0161e usluge i proizvodi posjetite ovu stranicu.\" \/>\n<meta property=\"og:url\" content=\"https:\/\/catsguitarmasterbuilders.com\/en\/\" \/>\n<meta property=\"og:site_name\" content=\"Cats - Guitar Custom &amp; Repair Shop\" \/>\n<meta property=\"article:modified_time\" content=\"2020-10-19T20:03:55+00:00\" \/>\n<meta name=\"twitter:card\" content=\"summary_large_image\" \/>\n<script type=\"application\/ld+json\" class=\"yoast-schema-graph\">{\"@context\":\"https:\\\/\\\/schema.org\",\"@graph\":[{\"@type\":\"WebPage\",\"@id\":\"https:\\\/\\\/catsguitarmasterbuilders.com\\\/\",\"url\":\"https:\\\/\\\/catsguitarmasterbuilders.com\\\/\",\"name\":\"Cats - Guitar Custom &amp; Repair Shop\",\"isPartOf\":{\"@id\":\"https:\\\/\\\/catsguitarmasterbuilders.com\\\/#website\"},\"datePublished\":\"2020-09-26T13:46:17+00:00\",\"dateModified\":\"2020-10-19T20:03:55+00:00\",\"description\":\"Cats gitare. Servis elektri\u010dnih gitara, izrada elektri\u010dnih, akusti\u010dnih i bass gitara. Cats - S'tac custom pickupi. Ako Vas zanimaju na\u0161e usluge i proizvodi posjetite ovu stranicu.\",\"breadcrumb\":{\"@id\":\"https:\\\/\\\/catsguitarmasterbuilders.com\\\/#breadcrumb\"},\"inLanguage\":\"en-GB\",\"potentialAction\":[{\"@type\":\"ReadAction\",\"target\":[\"https:\\\/\\\/catsguitarmasterbuilders.com\\\/\"]}]},{\"@type\":\"BreadcrumbList\",\"@id\":\"https:\\\/\\\/catsguitarmasterbuilders.com\\\/#breadcrumb\",\"itemListElement\":[{\"@type\":\"ListItem\",\"position\":1,\"name\":\"Home\",\"item\":\"https:\\\/\\\/catsguitarmasterbuilders.com\\\/\"},{\"@type\":\"ListItem\",\"position\":2,\"name\":\"Homepage\"}]},{\"@type\":\"WebSite\",\"@id\":\"https:\\\/\\\/catsguitarmasterbuilders.com\\\/#website\",\"url\":\"https:\\\/\\\/catsguitarmasterbuilders.com\\\/\",\"name\":\"Cats - Guitar Custom &amp; Repair Shop\",\"description\":\"Croatian custom guitar luthiers. We build and repair guitars since 1991.\",\"publisher\":{\"@id\":\"https:\\\/\\\/catsguitarmasterbuilders.com\\\/#\\\/schema\\\/person\\\/4d97f1d215ce8b063a935fc79ed69338\"},\"potentialAction\":[{\"@type\":\"SearchAction\",\"target\":{\"@type\":\"EntryPoint\",\"urlTemplate\":\"https:\\\/\\\/catsguitarmasterbuilders.com\\\/?s={search_term_string}\"},\"query-input\":{\"@type\":\"PropertyValueSpecification\",\"valueRequired\":true,\"valueName\":\"search_term_string\"}}],\"inLanguage\":\"en-GB\"},{\"@type\":[\"Person\",\"Organization\"],\"@id\":\"https:\\\/\\\/catsguitarmasterbuilders.com\\\/#\\\/schema\\\/person\\\/4d97f1d215ce8b063a935fc79ed69338\",\"name\":\"catsadmin\",\"image\":{\"@type\":\"ImageObject\",\"inLanguage\":\"en-GB\",\"@id\":\"https:\\\/\\\/secure.gravatar.com\\\/avatar\\\/7fd04b5e89f94ba4c0e1de06c381c8883a441121161a615e54479fb5041a4f41?s=96&d=mm&r=g\",\"url\":\"https:\\\/\\\/secure.gravatar.com\\\/avatar\\\/7fd04b5e89f94ba4c0e1de06c381c8883a441121161a615e54479fb5041a4f41?s=96&d=mm&r=g\",\"contentUrl\":\"https:\\\/\\\/secure.gravatar.com\\\/avatar\\\/7fd04b5e89f94ba4c0e1de06c381c8883a441121161a615e54479fb5041a4f41?s=96&d=mm&r=g\",\"caption\":\"catsadmin\"},\"logo\":{\"@id\":\"https:\\\/\\\/secure.gravatar.com\\\/avatar\\\/7fd04b5e89f94ba4c0e1de06c381c8883a441121161a615e54479fb5041a4f41?s=96&d=mm&r=g\"},\"sameAs\":[\"https:\\\/\\\/catsguitarmasterbuilders.com\"]}]}<\/script>\n<!-- \/ Yoast SEO plugin. -->","yoast_head_json":{"title":"Cats - Guitar Custom &amp; Repair Shop","description":"Cats gitare. Servis elektri\u010dnih gitara, izrada elektri\u010dnih, akusti\u010dnih i bass gitara. Cats - S'tac custom pickupi. Ako Vas zanimaju na\u0161e usluge i proizvodi posjetite ovu stranicu.","robots":{"index":"index","follow":"follow","max-snippet":"max-snippet:-1","max-image-preview":"max-image-preview:large","max-video-preview":"max-video-preview:-1"},"canonical":"https:\/\/catsguitarmasterbuilders.com\/en\/","og_locale":"en_GB","og_type":"article","og_title":"Cats - Guitar Custom &amp; Repair Shop","og_description":"Cats gitare. Servis elektri\u010dnih gitara, izrada elektri\u010dnih, akusti\u010dnih i bass gitara. Cats - S'tac custom pickupi. Ako Vas zanimaju na\u0161e usluge i proizvodi posjetite ovu stranicu.","og_url":"https:\/\/catsguitarmasterbuilders.com\/en\/","og_site_name":"Cats - Guitar Custom &amp; Repair Shop","article_modified_time":"2020-10-19T20:03:55+00:00","twitter_card":"summary_large_image","schema":{"@context":"https:\/\/schema.org","@graph":[{"@type":"WebPage","@id":"https:\/\/catsguitarmasterbuilders.com\/","url":"https:\/\/catsguitarmasterbuilders.com\/","name":"Cats - Guitar Custom &amp; Repair Shop","isPartOf":{"@id":"https:\/\/catsguitarmasterbuilders.com\/#website"},"datePublished":"2020-09-26T13:46:17+00:00","dateModified":"2020-10-19T20:03:55+00:00","description":"Cats gitare. Servis elektri\u010dnih gitara, izrada elektri\u010dnih, akusti\u010dnih i bass gitara. Cats - S'tac custom pickupi. Ako Vas zanimaju na\u0161e usluge i proizvodi posjetite ovu stranicu.","breadcrumb":{"@id":"https:\/\/catsguitarmasterbuilders.com\/#breadcrumb"},"inLanguage":"en-GB","potentialAction":[{"@type":"ReadAction","target":["https:\/\/catsguitarmasterbuilders.com\/"]}]},{"@type":"BreadcrumbList","@id":"https:\/\/catsguitarmasterbuilders.com\/#breadcrumb","itemListElement":[{"@type":"ListItem","position":1,"name":"Home","item":"https:\/\/catsguitarmasterbuilders.com\/"},{"@type":"ListItem","position":2,"name":"Homepage"}]},{"@type":"WebSite","@id":"https:\/\/catsguitarmasterbuilders.com\/#website","url":"https:\/\/catsguitarmasterbuilders.com\/","name":"Cats - Guitar Custom &amp; Repair Shop","description":"Croatian custom guitar luthiers. We build and repair guitars since 1991.","publisher":{"@id":"https:\/\/catsguitarmasterbuilders.com\/#\/schema\/person\/4d97f1d215ce8b063a935fc79ed69338"},"potentialAction":[{"@type":"SearchAction","target":{"@type":"EntryPoint","urlTemplate":"https:\/\/catsguitarmasterbuilders.com\/?s={search_term_string}"},"query-input":{"@type":"PropertyValueSpecification","valueRequired":true,"valueName":"search_term_string"}}],"inLanguage":"en-GB"},{"@type":["Person","Organization"],"@id":"https:\/\/catsguitarmasterbuilders.com\/#\/schema\/person\/4d97f1d215ce8b063a935fc79ed69338","name":"catsadmin","image":{"@type":"ImageObject","inLanguage":"en-GB","@id":"https:\/\/secure.gravatar.com\/avatar\/7fd04b5e89f94ba4c0e1de06c381c8883a441121161a615e54479fb5041a4f41?s=96&d=mm&r=g","url":"https:\/\/secure.gravatar.com\/avatar\/7fd04b5e89f94ba4c0e1de06c381c8883a441121161a615e54479fb5041a4f41?s=96&d=mm&r=g","contentUrl":"https:\/\/secure.gravatar.com\/avatar\/7fd04b5e89f94ba4c0e1de06c381c8883a441121161a615e54479fb5041a4f41?s=96&d=mm&r=g","caption":"catsadmin"},"logo":{"@id":"https:\/\/secure.gravatar.com\/avatar\/7fd04b5e89f94ba4c0e1de06c381c8883a441121161a615e54479fb5041a4f41?s=96&d=mm&r=g"},"sameAs":["https:\/\/catsguitarmasterbuilders.com"]}]}},"_links":{"self":[{"href":"https:\/\/catsguitarmasterbuilders.com\/en\/wp-json\/wp\/v2\/pages\/570","targetHints":{"allow":["GET"]}}],"collection":[{"href":"https:\/\/catsguitarmasterbuilders.com\/en\/wp-json\/wp\/v2\/pages"}],"about":[{"href":"https:\/\/catsguitarmasterbuilders.com\/en\/wp-json\/wp\/v2\/types\/page"}],"author":[{"embeddable":true,"href":"https:\/\/catsguitarmasterbuilders.com\/en\/wp-json\/wp\/v2\/users\/1"}],"replies":[{"embeddable":true,"href":"https:\/\/catsguitarmasterbuilders.com\/en\/wp-json\/wp\/v2\/comments?post=570"}],"version-history":[{"count":22,"href":"https:\/\/catsguitarmasterbuilders.com\/en\/wp-json\/wp\/v2\/pages\/570\/revisions"}],"predecessor-version":[{"id":989,"href":"https:\/\/catsguitarmasterbuilders.com\/en\/wp-json\/wp\/v2\/pages\/570\/revisions\/989"}],"wp:attachment":[{"href":"https:\/\/catsguitarmasterbuilders.com\/en\/wp-json\/wp\/v2\/media?parent=570"}],"curies":[{"name":"wp","href":"https:\/\/api.w.org\/{rel}","templated":true}]}}