{"id":584,"date":"2020-09-26T16:11:26","date_gmt":"2020-09-26T16:11:26","guid":{"rendered":"https:\/\/catsguitarmasterbuilders.com\/?page_id=584"},"modified":"2020-10-19T13:27:17","modified_gmt":"2020-10-19T13:27:17","slug":"o-nama","status":"publish","type":"page","link":"https:\/\/catsguitarmasterbuilders.com\/en\/o-nama\/","title":{"rendered":"About Us"},"content":{"rendered":"<div data-elementor-type=\"wp-page\" data-elementor-id=\"584\" class=\"elementor elementor-584\">\n\t\t\t\t\t\t<section class=\"elementor-section elementor-top-section elementor-element elementor-element-d074a28 elementor-section-height-min-height elementor-section-boxed elementor-section-height-default elementor-section-items-middle\" data-id=\"d074a28\" data-element_type=\"section\" data-e-type=\"section\">\n\t\t\t\t\t\t<div class=\"elementor-container elementor-column-gap-default\">\n\t\t\t\t\t<div class=\"elementor-column elementor-col-50 elementor-top-column elementor-element elementor-element-d789160\" data-id=\"d789160\" data-element_type=\"column\" data-e-type=\"column\">\n\t\t\t<div class=\"elementor-widget-wrap elementor-element-populated\">\n\t\t\t\t\t\t<div class=\"elementor-element elementor-element-673f194 elementor-widget elementor-widget-text-editor\" data-id=\"673f194\" data-element_type=\"widget\" data-e-type=\"widget\" data-widget_type=\"text-editor.default\">\n\t\t\t\t<div class=\"elementor-widget-container\">\n\t\t\t\t\t\t\t\t\t<p>''Cats'' repair and custom workshop for musical instruments came to be in 1992.<\/p><p>We are primarily orientated towards electric string instruments, acoustic and electro-acoustic guitars.\nClassical instruments (violins, double bass etc.) as well as so called \u2018\u2019folk\u2019\u2019 instruments (tamboura etc.) are not a part of our specialty.<\/p><p>It all began long ago!<\/p><p>In 1979. I made my first guitar. Back then it wasn\u2019t easy neither to find the materials nor to learn how to make guitars.<\/p><p><span style=\"text-decoration: underline;\"><strong>Why did I start making guitars?<\/strong><\/span><\/p><p>I\u2019m left handed so it was almost impossible to find a guitar for a left handed person back in Ex-Yugoslavia. So I decided to make my own. I started studying and learning a lot about guitars, technology behind their manufacture, and about instruments in general. I started repairing and manufacturing guitars for my friends, while being a professional musician at the same time.<\/p><p>After some time I started making guitar pickups as well. (Thanks to the legendary Zlatko Grbac).<\/p><p>When I estimated that my knowledge and services could help a wide array of musicians I decided to open my own workshop.<\/p><p>My guitars and my workshop bear the name \u2018\u2019Cats\u2019\u2019, but that has nothing to do with cats! Cats (Kec) was my nickname ever since I was a child, so it made sense to me to name my guitars the same.<\/p><p>Currently, after a lot of time, collected knowledge and experience, we are doing our best to solve the problems with your instruments and make your visions into reality!<\/p><p>If you have an idea and vision of what your new guitar should look like you are in the right place!<\/p><p><u><b>Custom Shop<\/b><\/u><\/p><p>The instrument\u2019s color, the type of finish, parts, designs, frets, wood\u2026 It\u2019s up to you to choose what you want, and we will give you some ideas or advice. I\u2019m sure you\u2019ve heard multiple times how the type of wood affects the quality of the sound and instrument makes. That\u2019s quite an important detail. The wood we\u2019ve been obtaining and collecting for about 40 years is high quality and frequently stocked. Our priority is that the wood ''plays and sings'' well and after that comes the aesthetic factor. Our custom shop manufactures instruments as a whole, but also certain elements of the instruments such as just the guitar necks or body.<\/p><p><u><b>Acoustic guitars<\/b><\/u><\/p><p>Everything I know about making acoustic guitars I learned from Mr. Mirko Hotko (an excellent manufacturer of concert guitars), and partially from the books on the subject. In all of that I mixed a little bit of my own ideas, and so the whole story started with acoustic guitars.<\/p><p><span style=\"text-decoration: underline;\"><strong>Bass guitars<\/strong><\/span><\/p><p>Bass guitars have gone through multiple changes from their beginnings up until today. Active electronics, 5, 6 or 8 strings, materials, parts, layered construction, innovative design etc. It all affected the changes this instrument went through over the years. Nevertheless, a good portion of musicians prefers the good old traditional electric bass as opposed to the newer \u2018\u2019innovative\u2019\u2019 ones. It\u2019s up to you to decide which way you\u2019ll go! Are you up for something more modern or are you an \u2018\u2019old school\u2019\u2019 bassist? Maybe something modern with an vintage charm...?<\/p><p><span style=\"text-decoration: underline;\"><strong>S&#8217;tac pickups<\/strong><\/span><\/p><p>Our pickups are made in the good, old fashioned way, with materials and elements that fit the criteria of the legendary pickups from the 50\u2019s and 60\u2019s. Every pickup is hand wound to have the desired result and characteristics and chime. We would often make pickups specifically for certain types of wood the guitar would be made out of. If the pickup works incredibly well on one guitar, that doesn\u2019t mean it will work well on another! There\u2019s a lot of tricks that can be used to get exactly what you want and need\u2026<\/p>\t\t\t\t\t\t\t\t<\/div>\n\t\t\t\t<\/div>\n\t\t\t\t\t<\/div>\n\t\t<\/div>\n\t\t\t\t<div class=\"elementor-column elementor-col-50 elementor-top-column elementor-element elementor-element-1728022\" data-id=\"1728022\" data-element_type=\"column\" data-e-type=\"column\">\n\t\t\t<div class=\"elementor-widget-wrap elementor-element-populated\">\n\t\t\t\t\t\t<div class=\"elementor-element elementor-element-b03aae3 elementor-widget elementor-widget-image-gallery\" data-id=\"b03aae3\" data-element_type=\"widget\" data-e-type=\"widget\" data-widget_type=\"image-gallery.default\">\n\t\t\t\t<div class=\"elementor-widget-container\">\n\t\t\t\t\t\t\t<div class=\"elementor-image-gallery\">\n\t\t\t<div id='gallery-1' class='gallery galleryid-584 gallery-columns-1 gallery-size-medium_large'><figure class='gallery-item'>\n\t\t\t<div class='gallery-icon portrait'>\n\t\t\t\t<img fetchpriority=\"high\" decoding=\"async\" width=\"480\" height=\"628\" src=\"https:\/\/catsguitarmasterbuilders.com\/wp-content\/uploads\/2020\/10\/1982-1.jpg\" class=\"attachment-medium_large size-medium_large\" alt=\"\" srcset=\"https:\/\/catsguitarmasterbuilders.com\/wp-content\/uploads\/2020\/10\/1982-1.jpg 480w, https:\/\/catsguitarmasterbuilders.com\/wp-content\/uploads\/2020\/10\/1982-1-229x300.jpg 229w\" sizes=\"(max-width: 480px) 100vw, 480px\" \/>\n\t\t\t<\/div><\/figure><figure class='gallery-item'>\n\t\t\t<div class='gallery-icon portrait'>\n\t\t\t\t<img decoding=\"async\" width=\"480\" height=\"625\" src=\"https:\/\/catsguitarmasterbuilders.com\/wp-content\/uploads\/2020\/10\/gitarist-1967-1.jpg\" class=\"attachment-medium_large size-medium_large\" alt=\"\" srcset=\"https:\/\/catsguitarmasterbuilders.com\/wp-content\/uploads\/2020\/10\/gitarist-1967-1.jpg 480w, https:\/\/catsguitarmasterbuilders.com\/wp-content\/uploads\/2020\/10\/gitarist-1967-1-230x300.jpg 230w\" sizes=\"(max-width: 480px) 100vw, 480px\" \/>\n\t\t\t<\/div><\/figure>\n\t\t<\/div>\n\t\t<\/div>\n\t\t\t\t\t\t<\/div>\n\t\t\t\t<\/div>\n\t\t\t\t\t<\/div>\n\t\t<\/div>\n\t\t\t\t\t<\/div>\n\t\t<\/section>\n\t\t\t\t<\/div>","protected":false},"excerpt":{"rendered":"<p>Obrt za popravak i izradu \u017ei\u010danih glazbenih instrumenata &#8221;Cats&#8221; postoji od 1992. godine. Primarno smo orijentirani na elektri\u010dne \u017ei\u010dane instrumente i na akusti\u010dne i elektro &#8211; akusti\u010dne gitare. Klasi\u010dni instrumenti (violine, kontrabasevi, itd.) te takozvani narodni instrumenti (tamburice i sli\u010dno) nisu dio na\u0161e djelatnosti. Sve je po\u010delo puno prije! Godine 1979. sam izradio svoju prvu [&hellip;]<\/p>\n","protected":false},"author":1,"featured_media":0,"parent":0,"menu_order":0,"comment_status":"closed","ping_status":"closed","template":"elementor_header_footer","meta":{"footnotes":""},"class_list":["post-584","page","type-page","status-publish","hentry","entry"],"yoast_head":"<!-- This site is optimized with the Yoast SEO plugin v27.4 - https:\/\/yoast.com\/product\/yoast-seo-wordpress\/ -->\n<title>O Nama - Cats - Guitar Custom &amp; Repair Shop<\/title>\n<meta name=\"robots\" content=\"index, follow, max-snippet:-1, max-image-preview:large, max-video-preview:-1\" \/>\n<link rel=\"canonical\" href=\"https:\/\/catsguitarmasterbuilders.com\/en\/o-nama\/\" \/>\n<meta property=\"og:locale\" content=\"en_GB\" \/>\n<meta property=\"og:type\" content=\"article\" \/>\n<meta property=\"og:title\" content=\"O Nama - Cats - Guitar Custom &amp; Repair Shop\" \/>\n<meta property=\"og:description\" content=\"Obrt za popravak i izradu \u017ei\u010danih glazbenih instrumenata &#8221;Cats&#8221; postoji od 1992. godine. Primarno smo orijentirani na elektri\u010dne \u017ei\u010dane instrumente i na akusti\u010dne i elektro &#8211; akusti\u010dne gitare. Klasi\u010dni instrumenti (violine, kontrabasevi, itd.) te takozvani narodni instrumenti (tamburice i sli\u010dno) nisu dio na\u0161e djelatnosti. Sve je po\u010delo puno prije! Godine 1979. sam izradio svoju prvu [&hellip;]\" \/>\n<meta property=\"og:url\" content=\"https:\/\/catsguitarmasterbuilders.com\/en\/o-nama\/\" \/>\n<meta property=\"og:site_name\" content=\"Cats - Guitar Custom &amp; Repair Shop\" \/>\n<meta property=\"article:modified_time\" content=\"2020-10-19T13:27:17+00:00\" \/>\n<meta property=\"og:image\" content=\"https:\/\/catsguitarmasterbuilders.com\/wp-content\/uploads\/2020\/10\/1982-1.jpg\" \/>\n<meta name=\"twitter:card\" content=\"summary_large_image\" \/>\n<meta name=\"twitter:label1\" content=\"Estimated reading time\" \/>\n\t<meta name=\"twitter:data1\" content=\"3 minutes\" \/>\n<script type=\"application\/ld+json\" class=\"yoast-schema-graph\">{\"@context\":\"https:\\\/\\\/schema.org\",\"@graph\":[{\"@type\":\"WebPage\",\"@id\":\"https:\\\/\\\/catsguitarmasterbuilders.com\\\/o-nama\\\/\",\"url\":\"https:\\\/\\\/catsguitarmasterbuilders.com\\\/o-nama\\\/\",\"name\":\"O Nama - Cats - Guitar Custom &amp; Repair Shop\",\"isPartOf\":{\"@id\":\"https:\\\/\\\/catsguitarmasterbuilders.com\\\/#website\"},\"primaryImageOfPage\":{\"@id\":\"https:\\\/\\\/catsguitarmasterbuilders.com\\\/o-nama\\\/#primaryimage\"},\"image\":{\"@id\":\"https:\\\/\\\/catsguitarmasterbuilders.com\\\/o-nama\\\/#primaryimage\"},\"thumbnailUrl\":\"https:\\\/\\\/catsguitarmasterbuilders.com\\\/wp-content\\\/uploads\\\/2020\\\/10\\\/1982-1.jpg\",\"datePublished\":\"2020-09-26T16:11:26+00:00\",\"dateModified\":\"2020-10-19T13:27:17+00:00\",\"breadcrumb\":{\"@id\":\"https:\\\/\\\/catsguitarmasterbuilders.com\\\/o-nama\\\/#breadcrumb\"},\"inLanguage\":\"en-GB\",\"potentialAction\":[{\"@type\":\"ReadAction\",\"target\":[\"https:\\\/\\\/catsguitarmasterbuilders.com\\\/o-nama\\\/\"]}]},{\"@type\":\"ImageObject\",\"inLanguage\":\"en-GB\",\"@id\":\"https:\\\/\\\/catsguitarmasterbuilders.com\\\/o-nama\\\/#primaryimage\",\"url\":\"https:\\\/\\\/catsguitarmasterbuilders.com\\\/wp-content\\\/uploads\\\/2020\\\/10\\\/1982-1.jpg\",\"contentUrl\":\"https:\\\/\\\/catsguitarmasterbuilders.com\\\/wp-content\\\/uploads\\\/2020\\\/10\\\/1982-1.jpg\"},{\"@type\":\"BreadcrumbList\",\"@id\":\"https:\\\/\\\/catsguitarmasterbuilders.com\\\/o-nama\\\/#breadcrumb\",\"itemListElement\":[{\"@type\":\"ListItem\",\"position\":1,\"name\":\"Home\",\"item\":\"https:\\\/\\\/catsguitarmasterbuilders.com\\\/\"},{\"@type\":\"ListItem\",\"position\":2,\"name\":\"O Nama\"}]},{\"@type\":\"WebSite\",\"@id\":\"https:\\\/\\\/catsguitarmasterbuilders.com\\\/#website\",\"url\":\"https:\\\/\\\/catsguitarmasterbuilders.com\\\/\",\"name\":\"Cats - Guitar Custom &amp; Repair Shop\",\"description\":\"Croatian custom guitar luthiers. We build and repair guitars since 1991.\",\"publisher\":{\"@id\":\"https:\\\/\\\/catsguitarmasterbuilders.com\\\/#\\\/schema\\\/person\\\/4d97f1d215ce8b063a935fc79ed69338\"},\"potentialAction\":[{\"@type\":\"SearchAction\",\"target\":{\"@type\":\"EntryPoint\",\"urlTemplate\":\"https:\\\/\\\/catsguitarmasterbuilders.com\\\/?s={search_term_string}\"},\"query-input\":{\"@type\":\"PropertyValueSpecification\",\"valueRequired\":true,\"valueName\":\"search_term_string\"}}],\"inLanguage\":\"en-GB\"},{\"@type\":[\"Person\",\"Organization\"],\"@id\":\"https:\\\/\\\/catsguitarmasterbuilders.com\\\/#\\\/schema\\\/person\\\/4d97f1d215ce8b063a935fc79ed69338\",\"name\":\"catsadmin\",\"image\":{\"@type\":\"ImageObject\",\"inLanguage\":\"en-GB\",\"@id\":\"https:\\\/\\\/secure.gravatar.com\\\/avatar\\\/7fd04b5e89f94ba4c0e1de06c381c8883a441121161a615e54479fb5041a4f41?s=96&d=mm&r=g\",\"url\":\"https:\\\/\\\/secure.gravatar.com\\\/avatar\\\/7fd04b5e89f94ba4c0e1de06c381c8883a441121161a615e54479fb5041a4f41?s=96&d=mm&r=g\",\"contentUrl\":\"https:\\\/\\\/secure.gravatar.com\\\/avatar\\\/7fd04b5e89f94ba4c0e1de06c381c8883a441121161a615e54479fb5041a4f41?s=96&d=mm&r=g\",\"caption\":\"catsadmin\"},\"logo\":{\"@id\":\"https:\\\/\\\/secure.gravatar.com\\\/avatar\\\/7fd04b5e89f94ba4c0e1de06c381c8883a441121161a615e54479fb5041a4f41?s=96&d=mm&r=g\"},\"sameAs\":[\"https:\\\/\\\/catsguitarmasterbuilders.com\"]}]}<\/script>\n<!-- \/ Yoast SEO plugin. -->","yoast_head_json":{"title":"O Nama - Cats - Guitar Custom &amp; Repair Shop","robots":{"index":"index","follow":"follow","max-snippet":"max-snippet:-1","max-image-preview":"max-image-preview:large","max-video-preview":"max-video-preview:-1"},"canonical":"https:\/\/catsguitarmasterbuilders.com\/en\/o-nama\/","og_locale":"en_GB","og_type":"article","og_title":"O Nama - Cats - Guitar Custom &amp; Repair Shop","og_description":"Obrt za popravak i izradu \u017ei\u010danih glazbenih instrumenata &#8221;Cats&#8221; postoji od 1992. godine. Primarno smo orijentirani na elektri\u010dne \u017ei\u010dane instrumente i na akusti\u010dne i elektro &#8211; akusti\u010dne gitare. Klasi\u010dni instrumenti (violine, kontrabasevi, itd.) te takozvani narodni instrumenti (tamburice i sli\u010dno) nisu dio na\u0161e djelatnosti. Sve je po\u010delo puno prije! Godine 1979. sam izradio svoju prvu [&hellip;]","og_url":"https:\/\/catsguitarmasterbuilders.com\/en\/o-nama\/","og_site_name":"Cats - Guitar Custom &amp; Repair Shop","article_modified_time":"2020-10-19T13:27:17+00:00","og_image":[{"url":"https:\/\/catsguitarmasterbuilders.com\/wp-content\/uploads\/2020\/10\/1982-1.jpg","type":"","width":"","height":""}],"twitter_card":"summary_large_image","twitter_misc":{"Estimated reading time":"3 minutes"},"schema":{"@context":"https:\/\/schema.org","@graph":[{"@type":"WebPage","@id":"https:\/\/catsguitarmasterbuilders.com\/o-nama\/","url":"https:\/\/catsguitarmasterbuilders.com\/o-nama\/","name":"O Nama - Cats - Guitar Custom &amp; Repair Shop","isPartOf":{"@id":"https:\/\/catsguitarmasterbuilders.com\/#website"},"primaryImageOfPage":{"@id":"https:\/\/catsguitarmasterbuilders.com\/o-nama\/#primaryimage"},"image":{"@id":"https:\/\/catsguitarmasterbuilders.com\/o-nama\/#primaryimage"},"thumbnailUrl":"https:\/\/catsguitarmasterbuilders.com\/wp-content\/uploads\/2020\/10\/1982-1.jpg","datePublished":"2020-09-26T16:11:26+00:00","dateModified":"2020-10-19T13:27:17+00:00","breadcrumb":{"@id":"https:\/\/catsguitarmasterbuilders.com\/o-nama\/#breadcrumb"},"inLanguage":"en-GB","potentialAction":[{"@type":"ReadAction","target":["https:\/\/catsguitarmasterbuilders.com\/o-nama\/"]}]},{"@type":"ImageObject","inLanguage":"en-GB","@id":"https:\/\/catsguitarmasterbuilders.com\/o-nama\/#primaryimage","url":"https:\/\/catsguitarmasterbuilders.com\/wp-content\/uploads\/2020\/10\/1982-1.jpg","contentUrl":"https:\/\/catsguitarmasterbuilders.com\/wp-content\/uploads\/2020\/10\/1982-1.jpg"},{"@type":"BreadcrumbList","@id":"https:\/\/catsguitarmasterbuilders.com\/o-nama\/#breadcrumb","itemListElement":[{"@type":"ListItem","position":1,"name":"Home","item":"https:\/\/catsguitarmasterbuilders.com\/"},{"@type":"ListItem","position":2,"name":"O Nama"}]},{"@type":"WebSite","@id":"https:\/\/catsguitarmasterbuilders.com\/#website","url":"https:\/\/catsguitarmasterbuilders.com\/","name":"Cats - Guitar Custom &amp; Repair Shop","description":"Croatian custom guitar luthiers. We build and repair guitars since 1991.","publisher":{"@id":"https:\/\/catsguitarmasterbuilders.com\/#\/schema\/person\/4d97f1d215ce8b063a935fc79ed69338"},"potentialAction":[{"@type":"SearchAction","target":{"@type":"EntryPoint","urlTemplate":"https:\/\/catsguitarmasterbuilders.com\/?s={search_term_string}"},"query-input":{"@type":"PropertyValueSpecification","valueRequired":true,"valueName":"search_term_string"}}],"inLanguage":"en-GB"},{"@type":["Person","Organization"],"@id":"https:\/\/catsguitarmasterbuilders.com\/#\/schema\/person\/4d97f1d215ce8b063a935fc79ed69338","name":"catsadmin","image":{"@type":"ImageObject","inLanguage":"en-GB","@id":"https:\/\/secure.gravatar.com\/avatar\/7fd04b5e89f94ba4c0e1de06c381c8883a441121161a615e54479fb5041a4f41?s=96&d=mm&r=g","url":"https:\/\/secure.gravatar.com\/avatar\/7fd04b5e89f94ba4c0e1de06c381c8883a441121161a615e54479fb5041a4f41?s=96&d=mm&r=g","contentUrl":"https:\/\/secure.gravatar.com\/avatar\/7fd04b5e89f94ba4c0e1de06c381c8883a441121161a615e54479fb5041a4f41?s=96&d=mm&r=g","caption":"catsadmin"},"logo":{"@id":"https:\/\/secure.gravatar.com\/avatar\/7fd04b5e89f94ba4c0e1de06c381c8883a441121161a615e54479fb5041a4f41?s=96&d=mm&r=g"},"sameAs":["https:\/\/catsguitarmasterbuilders.com"]}]}},"_links":{"self":[{"href":"https:\/\/catsguitarmasterbuilders.com\/en\/wp-json\/wp\/v2\/pages\/584","targetHints":{"allow":["GET"]}}],"collection":[{"href":"https:\/\/catsguitarmasterbuilders.com\/en\/wp-json\/wp\/v2\/pages"}],"about":[{"href":"https:\/\/catsguitarmasterbuilders.com\/en\/wp-json\/wp\/v2\/types\/page"}],"author":[{"embeddable":true,"href":"https:\/\/catsguitarmasterbuilders.com\/en\/wp-json\/wp\/v2\/users\/1"}],"replies":[{"embeddable":true,"href":"https:\/\/catsguitarmasterbuilders.com\/en\/wp-json\/wp\/v2\/comments?post=584"}],"version-history":[{"count":21,"href":"https:\/\/catsguitarmasterbuilders.com\/en\/wp-json\/wp\/v2\/pages\/584\/revisions"}],"predecessor-version":[{"id":961,"href":"https:\/\/catsguitarmasterbuilders.com\/en\/wp-json\/wp\/v2\/pages\/584\/revisions\/961"}],"wp:attachment":[{"href":"https:\/\/catsguitarmasterbuilders.com\/en\/wp-json\/wp\/v2\/media?parent=584"}],"curies":[{"name":"wp","href":"https:\/\/api.w.org\/{rel}","templated":true}]}}