{"id":589,"date":"2020-09-26T16:11:26","date_gmt":"2020-09-26T16:11:26","guid":{"rendered":"https:\/\/catsguitarmasterbuilders.com\/?page_id=589"},"modified":"2020-10-14T10:46:52","modified_gmt":"2020-10-14T10:46:52","slug":"kontakt","status":"publish","type":"page","link":"https:\/\/catsguitarmasterbuilders.com\/en\/kontakt\/","title":{"rendered":"Contact"},"content":{"rendered":"<div data-elementor-type=\"wp-page\" data-elementor-id=\"589\" class=\"elementor elementor-589\">\n\t\t\t\t\t\t<section class=\"elementor-section elementor-top-section elementor-element elementor-element-300b109 elementor-section-height-min-height elementor-section-boxed elementor-section-height-default elementor-section-items-middle\" data-id=\"300b109\" data-element_type=\"section\" data-e-type=\"section\">\n\t\t\t\t\t\t<div class=\"elementor-container elementor-column-gap-default\">\n\t\t\t\t\t<div class=\"elementor-column elementor-col-50 elementor-top-column elementor-element elementor-element-8ccbb5d\" data-id=\"8ccbb5d\" data-element_type=\"column\" data-e-type=\"column\">\n\t\t\t<div class=\"elementor-widget-wrap elementor-element-populated\">\n\t\t\t\t\t\t<div class=\"elementor-element elementor-element-b4a94f7 elementor-widget elementor-widget-heading\" data-id=\"b4a94f7\" data-element_type=\"widget\" data-e-type=\"widget\" data-widget_type=\"heading.default\">\n\t\t\t\t<div class=\"elementor-widget-container\">\n\t\t\t\t\t<h2 class=\"elementor-heading-title elementor-size-large\">Contact<\/h2>\t\t\t\t<\/div>\n\t\t\t\t<\/div>\n\t\t\t\t<div class=\"elementor-element elementor-element-10746f4 elementor-widget elementor-widget-text-editor\" data-id=\"10746f4\" data-element_type=\"widget\" data-e-type=\"widget\" data-widget_type=\"text-editor.default\">\n\t\t\t\t<div class=\"elementor-widget-container\">\n\t\t\t\t\t\t\t\t\t<ul><li>Kre\u0161o Matijevi\u0107<\/li><li>Mi\u0161ka \u0160estanja 12<\/li><li>10290 Zapre\u0161i\u0107 ; Croatia<\/li><li>Phone: 01 3313 009<\/li><li>GSM: +385 98 659 876<\/li><li>e-mail: krmatijevic@gmail.com<\/li><\/ul>\t\t\t\t\t\t\t\t<\/div>\n\t\t\t\t<\/div>\n\t\t\t\t\t<\/div>\n\t\t<\/div>\n\t\t\t\t<div class=\"elementor-column elementor-col-50 elementor-top-column elementor-element elementor-element-215d593\" data-id=\"215d593\" data-element_type=\"column\" data-e-type=\"column\">\n\t\t\t<div class=\"elementor-widget-wrap\">\n\t\t\t\t\t\t\t<\/div>\n\t\t<\/div>\n\t\t\t\t\t<\/div>\n\t\t<\/section>\n\t\t\t\t<\/div>","protected":false},"excerpt":{"rendered":"<p>Contact Kre\u0161o Matijevi\u0107 Mi\u0161ka \u0160estanja 12 10290 Zapre\u0161i\u0107 ; Croatia Phone: 01 3313 009 GSM: +385 98 659 876 e-mail: krmatijevic@gmail.com<\/p>","protected":false},"author":1,"featured_media":0,"parent":0,"menu_order":0,"comment_status":"closed","ping_status":"closed","template":"elementor_header_footer","meta":{"footnotes":""},"class_list":["post-589","page","type-page","status-publish","hentry","entry"],"yoast_head":"<!-- This site is optimized with the Yoast SEO plugin v27.4 - https:\/\/yoast.com\/product\/yoast-seo-wordpress\/ -->\n<title>Kontakt - Cats - Guitar Custom &amp; Repair Shop<\/title>\n<meta name=\"robots\" content=\"index, follow, max-snippet:-1, max-image-preview:large, max-video-preview:-1\" \/>\n<link rel=\"canonical\" href=\"https:\/\/catsguitarmasterbuilders.com\/en\/kontakt\/\" \/>\n<meta property=\"og:locale\" content=\"en_GB\" \/>\n<meta property=\"og:type\" content=\"article\" \/>\n<meta property=\"og:title\" content=\"Kontakt - Cats - Guitar Custom &amp; Repair Shop\" \/>\n<meta property=\"og:description\" content=\"Contact Kre\u0161o Matijevi\u0107 Mi\u0161ka \u0160estanja 12 10290 Zapre\u0161i\u0107 ; Croatia Phone: 01 3313 009 GSM: +385 98 659 876 e-mail: krmatijevic@gmail.com\" \/>\n<meta property=\"og:url\" content=\"https:\/\/catsguitarmasterbuilders.com\/en\/kontakt\/\" \/>\n<meta property=\"og:site_name\" content=\"Cats - Guitar Custom &amp; Repair Shop\" \/>\n<meta property=\"article:modified_time\" content=\"2020-10-14T10:46:52+00:00\" \/>\n<meta name=\"twitter:card\" content=\"summary_large_image\" \/>\n<script type=\"application\/ld+json\" class=\"yoast-schema-graph\">{\"@context\":\"https:\\\/\\\/schema.org\",\"@graph\":[{\"@type\":\"WebPage\",\"@id\":\"https:\\\/\\\/catsguitarmasterbuilders.com\\\/kontakt\\\/\",\"url\":\"https:\\\/\\\/catsguitarmasterbuilders.com\\\/kontakt\\\/\",\"name\":\"Kontakt - Cats - Guitar Custom &amp; Repair Shop\",\"isPartOf\":{\"@id\":\"https:\\\/\\\/catsguitarmasterbuilders.com\\\/#website\"},\"datePublished\":\"2020-09-26T16:11:26+00:00\",\"dateModified\":\"2020-10-14T10:46:52+00:00\",\"breadcrumb\":{\"@id\":\"https:\\\/\\\/catsguitarmasterbuilders.com\\\/kontakt\\\/#breadcrumb\"},\"inLanguage\":\"en-GB\",\"potentialAction\":[{\"@type\":\"ReadAction\",\"target\":[\"https:\\\/\\\/catsguitarmasterbuilders.com\\\/kontakt\\\/\"]}]},{\"@type\":\"BreadcrumbList\",\"@id\":\"https:\\\/\\\/catsguitarmasterbuilders.com\\\/kontakt\\\/#breadcrumb\",\"itemListElement\":[{\"@type\":\"ListItem\",\"position\":1,\"name\":\"Home\",\"item\":\"https:\\\/\\\/catsguitarmasterbuilders.com\\\/\"},{\"@type\":\"ListItem\",\"position\":2,\"name\":\"Kontakt\"}]},{\"@type\":\"WebSite\",\"@id\":\"https:\\\/\\\/catsguitarmasterbuilders.com\\\/#website\",\"url\":\"https:\\\/\\\/catsguitarmasterbuilders.com\\\/\",\"name\":\"Cats - Guitar Custom &amp; Repair Shop\",\"description\":\"Croatian custom guitar luthiers. We build and repair guitars since 1991.\",\"publisher\":{\"@id\":\"https:\\\/\\\/catsguitarmasterbuilders.com\\\/#\\\/schema\\\/person\\\/4d97f1d215ce8b063a935fc79ed69338\"},\"potentialAction\":[{\"@type\":\"SearchAction\",\"target\":{\"@type\":\"EntryPoint\",\"urlTemplate\":\"https:\\\/\\\/catsguitarmasterbuilders.com\\\/?s={search_term_string}\"},\"query-input\":{\"@type\":\"PropertyValueSpecification\",\"valueRequired\":true,\"valueName\":\"search_term_string\"}}],\"inLanguage\":\"en-GB\"},{\"@type\":[\"Person\",\"Organization\"],\"@id\":\"https:\\\/\\\/catsguitarmasterbuilders.com\\\/#\\\/schema\\\/person\\\/4d97f1d215ce8b063a935fc79ed69338\",\"name\":\"catsadmin\",\"image\":{\"@type\":\"ImageObject\",\"inLanguage\":\"en-GB\",\"@id\":\"https:\\\/\\\/secure.gravatar.com\\\/avatar\\\/7fd04b5e89f94ba4c0e1de06c381c8883a441121161a615e54479fb5041a4f41?s=96&d=mm&r=g\",\"url\":\"https:\\\/\\\/secure.gravatar.com\\\/avatar\\\/7fd04b5e89f94ba4c0e1de06c381c8883a441121161a615e54479fb5041a4f41?s=96&d=mm&r=g\",\"contentUrl\":\"https:\\\/\\\/secure.gravatar.com\\\/avatar\\\/7fd04b5e89f94ba4c0e1de06c381c8883a441121161a615e54479fb5041a4f41?s=96&d=mm&r=g\",\"caption\":\"catsadmin\"},\"logo\":{\"@id\":\"https:\\\/\\\/secure.gravatar.com\\\/avatar\\\/7fd04b5e89f94ba4c0e1de06c381c8883a441121161a615e54479fb5041a4f41?s=96&d=mm&r=g\"},\"sameAs\":[\"https:\\\/\\\/catsguitarmasterbuilders.com\"]}]}<\/script>\n<!-- \/ Yoast SEO plugin. -->","yoast_head_json":{"title":"Kontakt - Cats - Guitar Custom &amp; Repair Shop","robots":{"index":"index","follow":"follow","max-snippet":"max-snippet:-1","max-image-preview":"max-image-preview:large","max-video-preview":"max-video-preview:-1"},"canonical":"https:\/\/catsguitarmasterbuilders.com\/en\/kontakt\/","og_locale":"en_GB","og_type":"article","og_title":"Kontakt - Cats - Guitar Custom &amp; Repair Shop","og_description":"Contact Kre\u0161o Matijevi\u0107 Mi\u0161ka \u0160estanja 12 10290 Zapre\u0161i\u0107 ; Croatia Phone: 01 3313 009 GSM: +385 98 659 876 e-mail: krmatijevic@gmail.com","og_url":"https:\/\/catsguitarmasterbuilders.com\/en\/kontakt\/","og_site_name":"Cats - Guitar Custom &amp; Repair Shop","article_modified_time":"2020-10-14T10:46:52+00:00","twitter_card":"summary_large_image","schema":{"@context":"https:\/\/schema.org","@graph":[{"@type":"WebPage","@id":"https:\/\/catsguitarmasterbuilders.com\/kontakt\/","url":"https:\/\/catsguitarmasterbuilders.com\/kontakt\/","name":"Kontakt - Cats - Guitar Custom &amp; Repair Shop","isPartOf":{"@id":"https:\/\/catsguitarmasterbuilders.com\/#website"},"datePublished":"2020-09-26T16:11:26+00:00","dateModified":"2020-10-14T10:46:52+00:00","breadcrumb":{"@id":"https:\/\/catsguitarmasterbuilders.com\/kontakt\/#breadcrumb"},"inLanguage":"en-GB","potentialAction":[{"@type":"ReadAction","target":["https:\/\/catsguitarmasterbuilders.com\/kontakt\/"]}]},{"@type":"BreadcrumbList","@id":"https:\/\/catsguitarmasterbuilders.com\/kontakt\/#breadcrumb","itemListElement":[{"@type":"ListItem","position":1,"name":"Home","item":"https:\/\/catsguitarmasterbuilders.com\/"},{"@type":"ListItem","position":2,"name":"Kontakt"}]},{"@type":"WebSite","@id":"https:\/\/catsguitarmasterbuilders.com\/#website","url":"https:\/\/catsguitarmasterbuilders.com\/","name":"Cats - Guitar Custom &amp; Repair Shop","description":"Croatian custom guitar luthiers. We build and repair guitars since 1991.","publisher":{"@id":"https:\/\/catsguitarmasterbuilders.com\/#\/schema\/person\/4d97f1d215ce8b063a935fc79ed69338"},"potentialAction":[{"@type":"SearchAction","target":{"@type":"EntryPoint","urlTemplate":"https:\/\/catsguitarmasterbuilders.com\/?s={search_term_string}"},"query-input":{"@type":"PropertyValueSpecification","valueRequired":true,"valueName":"search_term_string"}}],"inLanguage":"en-GB"},{"@type":["Person","Organization"],"@id":"https:\/\/catsguitarmasterbuilders.com\/#\/schema\/person\/4d97f1d215ce8b063a935fc79ed69338","name":"catsadmin","image":{"@type":"ImageObject","inLanguage":"en-GB","@id":"https:\/\/secure.gravatar.com\/avatar\/7fd04b5e89f94ba4c0e1de06c381c8883a441121161a615e54479fb5041a4f41?s=96&d=mm&r=g","url":"https:\/\/secure.gravatar.com\/avatar\/7fd04b5e89f94ba4c0e1de06c381c8883a441121161a615e54479fb5041a4f41?s=96&d=mm&r=g","contentUrl":"https:\/\/secure.gravatar.com\/avatar\/7fd04b5e89f94ba4c0e1de06c381c8883a441121161a615e54479fb5041a4f41?s=96&d=mm&r=g","caption":"catsadmin"},"logo":{"@id":"https:\/\/secure.gravatar.com\/avatar\/7fd04b5e89f94ba4c0e1de06c381c8883a441121161a615e54479fb5041a4f41?s=96&d=mm&r=g"},"sameAs":["https:\/\/catsguitarmasterbuilders.com"]}]}},"_links":{"self":[{"href":"https:\/\/catsguitarmasterbuilders.com\/en\/wp-json\/wp\/v2\/pages\/589","targetHints":{"allow":["GET"]}}],"collection":[{"href":"https:\/\/catsguitarmasterbuilders.com\/en\/wp-json\/wp\/v2\/pages"}],"about":[{"href":"https:\/\/catsguitarmasterbuilders.com\/en\/wp-json\/wp\/v2\/types\/page"}],"author":[{"embeddable":true,"href":"https:\/\/catsguitarmasterbuilders.com\/en\/wp-json\/wp\/v2\/users\/1"}],"replies":[{"embeddable":true,"href":"https:\/\/catsguitarmasterbuilders.com\/en\/wp-json\/wp\/v2\/comments?post=589"}],"version-history":[{"count":7,"href":"https:\/\/catsguitarmasterbuilders.com\/en\/wp-json\/wp\/v2\/pages\/589\/revisions"}],"predecessor-version":[{"id":854,"href":"https:\/\/catsguitarmasterbuilders.com\/en\/wp-json\/wp\/v2\/pages\/589\/revisions\/854"}],"wp:attachment":[{"href":"https:\/\/catsguitarmasterbuilders.com\/en\/wp-json\/wp\/v2\/media?parent=589"}],"curies":[{"name":"wp","href":"https:\/\/api.w.org\/{rel}","templated":true}]}}